{"id":91,"date":"2024-11-26T23:28:17","date_gmt":"2024-11-26T20:28:17","guid":{"rendered":"https:\/\/ilyagrup.net\/?page_id=91"},"modified":"2024-11-26T23:40:25","modified_gmt":"2024-11-26T20:40:25","slug":"career-center","status":"publish","type":"page","link":"https:\/\/ilyagrup.net\/tr\/career-center\/","title":{"rendered":"Kariyer Merkezi"},"content":{"rendered":"<div data-elementor-type=\"wp-page\" data-elementor-id=\"91\" class=\"elementor elementor-91\" data-elementor-post-type=\"page\">\n\t\t\t\t<div class=\"elementor-element elementor-element-169a3b65 e-grid e-con-boxed e-con e-parent\" data-id=\"169a3b65\" data-element_type=\"container\" data-settings=\"{&quot;background_background&quot;:&quot;gradient&quot;}\">\n\t\t\t\t\t<div class=\"e-con-inner\">\n\t\t<div class=\"elementor-element elementor-element-43fccc6b e-con-full e-flex e-con e-child\" data-id=\"43fccc6b\" data-element_type=\"container\">\n\t\t<div class=\"elementor-element elementor-element-330cf738 e-con-full e-flex e-con e-child\" data-id=\"330cf738\" data-element_type=\"container\">\n\t\t\t\t<div class=\"elementor-element elementor-element-4edf055f elementor-headline--style-rotate elementor-absolute elementor-widget elementor-widget-animated-headline\" data-id=\"4edf055f\" data-element_type=\"widget\" data-settings=\"{&quot;headline_style&quot;:&quot;rotate&quot;,&quot;animation_type&quot;:&quot;blinds&quot;,&quot;rotating_text&quot;:&quot;Careers\\nCareers\\nCareers&quot;,&quot;_position&quot;:&quot;absolute&quot;,&quot;loop&quot;:&quot;yes&quot;,&quot;rotate_iteration_delay&quot;:2500}\" data-widget_type=\"animated-headline.default\">\n\t\t\t\t<div class=\"elementor-widget-container\">\n\t\t\t\t\t<h1 class=\"elementor-headline elementor-headline-animation-type-blinds elementor-headline-letters\">\n\t\t\t\t<span class=\"elementor-headline-dynamic-wrapper elementor-headline-text-wrapper\">\n\t\t\t\t\t<span class=\"elementor-headline-dynamic-text elementor-headline-text-active\">\n\t\t\t\tKariyer\t\t\t<\/span>\n\t\t\t\t\t<span class=\"elementor-headline-dynamic-text\">\n\t\t\t\tKariyer\t\t\t<\/span>\n\t\t\t\t\t<span class=\"elementor-headline-dynamic-text\">\n\t\t\t\tKariyer\t\t\t<\/span>\n\t\t\t\t\t\t<\/span>\n\t\t\t\t<\/h1>\n\t\t\t\t<\/div>\n\t\t\t\t<\/div>\n\t\t\t\t<\/div>\n\t\t\t\t<div class=\"elementor-element elementor-element-1e0756d elementor-widget elementor-widget-mdp-crumber-elementor\" data-id=\"1e0756d\" data-element_type=\"widget\" data-widget_type=\"mdp-crumber-elementor.default\">\n\t\t\t\t<div class=\"elementor-widget-container\">\n\t\t\t        <!-- Start Crumber for Elementor WordPress Plugin -->\n\t\t            <div class=\"mdp-crumber-elementor-box\">\n                <div class=\"mdp-crumber-elementor-breadcrumbs\">\n\t\t\t\t\t        <div class=\"mdp-crumber-elementor-breadcrumbs-item  mdp-crumber-elementor-breadcrumbs-icon-position-\">\n\t\t\t\t\t\t\t\t\t\t\t\t                    <a href=\"#\">Ev<\/a>\n\t\t\t\t\t\t\t        <\/div>\n\t\t            <span class=\"mdp-crumber-elementor-separator mdp-crumber-elementor-separator-hide-last\">\n            \/        <\/span>\n\t\t\t\t        <div class=\"mdp-crumber-elementor-breadcrumbs-item mdp-crumber-elementor-breadcrumbs-item-active mdp-crumber-elementor-breadcrumbs-icon-position-\">\n\t\t\t\t\t\t\t\t\t\t\t\t                    <span>Kariyer<\/span>\n\t\t\t\t\t\t\t        <\/div>\n\t\t            <span class=\"mdp-crumber-elementor-separator mdp-crumber-elementor-separator-hide-last\">\n            \/        <\/span>\n\t\t\t\t                <\/div>\n            <\/div>\n\t\t        <!-- End Crumber for Elementor WordPress Plugin -->\n\t\t\t\t<\/div>\n\t\t\t\t<\/div>\n\t\t\t\t<div class=\"elementor-element elementor-element-307b6656 elementor-widget elementor-widget-heading\" data-id=\"307b6656\" data-element_type=\"widget\" data-widget_type=\"heading.default\">\n\t\t\t\t<div class=\"elementor-widget-container\">\n\t\t\t<h1 class=\"elementor-heading-title elementor-size-default\">Etkili Bir Kariyer Olu\u015fturun<\/h1>\t\t<\/div>\n\t\t\t\t<\/div>\n\t\t\t\t<div class=\"elementor-element elementor-element-3a2fefe2 elementor-widget__width-initial elementor-widget-tablet__width-inherit elementor-widget elementor-widget-text-editor\" data-id=\"3a2fefe2\" data-element_type=\"widget\" data-widget_type=\"text-editor.default\">\n\t\t\t\t<div class=\"elementor-widget-container\">\n\t\t\t\t\t\t\t<p>Etki yaratmaya ve katk\u0131lar\u0131n\u0131za de\u011fer veren bir \u015firketin par\u00e7as\u0131 olmaya haz\u0131rsan\u0131z, sizden haber almak isteriz. F\u0131rsatlar\u0131m\u0131z\u0131 ke\u015ffedin ve kariyerinizde bir sonraki ad\u0131m\u0131 at\u0131n.<\/p>\t\t\t\t\t\t<\/div>\n\t\t\t\t<\/div>\n\t\t\t\t<div class=\"elementor-element elementor-element-422683c9 elementor-widget__width-inherit elementor-widget elementor-widget-image\" data-id=\"422683c9\" data-element_type=\"widget\" data-widget_type=\"image.default\">\n\t\t\t\t<div class=\"elementor-widget-container\">\n\t\t\t\t\t\t\t\t\t\t\t\t\t<img fetchpriority=\"high\" decoding=\"async\" width=\"800\" height=\"527\" src=\"https:\/\/ilyagrup.net\/wp-content\/uploads\/2024\/11\/start-up-business-team-in-the-office-2023-11-27-05-15-25-utc-1-800x527-1.jpg\" class=\"attachment-large size-large wp-image-92\" alt=\"\" srcset=\"https:\/\/ilyagrup.net\/wp-content\/uploads\/2024\/11\/start-up-business-team-in-the-office-2023-11-27-05-15-25-utc-1-800x527-1.jpg 800w, https:\/\/ilyagrup.net\/wp-content\/uploads\/2024\/11\/start-up-business-team-in-the-office-2023-11-27-05-15-25-utc-1-800x527-1-300x198.jpg 300w, https:\/\/ilyagrup.net\/wp-content\/uploads\/2024\/11\/start-up-business-team-in-the-office-2023-11-27-05-15-25-utc-1-800x527-1-768x506.jpg 768w\" sizes=\"(max-width: 800px) 100vw, 800px\" \/>\t\t\t\t\t\t\t\t\t\t\t\t\t<\/div>\n\t\t\t\t<\/div>\n\t\t\t\t<\/div>\n\t\t<div class=\"elementor-element elementor-element-597a2d02 e-con-full elementor-hidden-mobile e-flex e-con e-child\" data-id=\"597a2d02\" data-element_type=\"container\">\n\t\t\t\t<div class=\"elementor-element elementor-element-4d671adb elementor-widget__width-inherit elementor-widget elementor-widget-image\" data-id=\"4d671adb\" data-element_type=\"widget\" data-settings=\"{&quot;motion_fx_motion_fx_scrolling&quot;:&quot;yes&quot;,&quot;motion_fx_translateY_effect&quot;:&quot;yes&quot;,&quot;motion_fx_translateY_direction&quot;:&quot;negative&quot;,&quot;motion_fx_translateY_speed&quot;:{&quot;unit&quot;:&quot;px&quot;,&quot;size&quot;:1,&quot;sizes&quot;:[]},&quot;motion_fx_translateY_affectedRange&quot;:{&quot;unit&quot;:&quot;%&quot;,&quot;size&quot;:&quot;&quot;,&quot;sizes&quot;:{&quot;start&quot;:0,&quot;end&quot;:100}},&quot;motion_fx_devices&quot;:[&quot;desktop&quot;,&quot;tablet&quot;,&quot;mobile&quot;]}\" data-widget_type=\"image.default\">\n\t\t\t\t<div class=\"elementor-widget-container\">\n\t\t\t\t\t\t\t\t\t\t\t\t\t<img decoding=\"async\" width=\"800\" height=\"534\" src=\"https:\/\/ilyagrup.net\/wp-content\/uploads\/2024\/11\/2149035674.webp\" class=\"attachment-large size-large wp-image-98\" alt=\"\" srcset=\"https:\/\/ilyagrup.net\/wp-content\/uploads\/2024\/11\/2149035674.webp 1000w, https:\/\/ilyagrup.net\/wp-content\/uploads\/2024\/11\/2149035674-300x200.webp 300w, https:\/\/ilyagrup.net\/wp-content\/uploads\/2024\/11\/2149035674-768x512.webp 768w\" sizes=\"(max-width: 800px) 100vw, 800px\" \/>\t\t\t\t\t\t\t\t\t\t\t\t\t<\/div>\n\t\t\t\t<\/div>\n\t\t\t\t<\/div>\n\t\t\t\t\t<\/div>\n\t\t\t\t<\/div>\n\t\t<div class=\"elementor-element elementor-element-2a0c223d e-grid e-con-boxed e-con e-parent\" data-id=\"2a0c223d\" data-element_type=\"container\">\n\t\t\t\t\t<div class=\"e-con-inner\">\n\t\t<div class=\"elementor-element elementor-element-49e4fb7d e-con-full e-flex e-con e-child\" data-id=\"49e4fb7d\" data-element_type=\"container\">\n\t\t\t\t<div class=\"elementor-element elementor-element-11009b2c elementor-widget__width-initial elementor-widget elementor-widget-heading\" data-id=\"11009b2c\" data-element_type=\"widget\" data-widget_type=\"heading.default\">\n\t\t\t\t<div class=\"elementor-widget-container\">\n\t\t\t<h2 class=\"elementor-heading-title elementor-size-default\">Ba\u015far\u0131 \u0130\u00e7in Temel Nitelikler <span style=\"color: #5DD7F2\">\u0130LYA<\/span> Grup<\/h2>\t\t<\/div>\n\t\t\t\t<\/div>\n\t\t<div class=\"elementor-element elementor-element-37899006 e-con-full e-flex e-con e-child\" data-id=\"37899006\" data-element_type=\"container\">\n\t\t\t\t<div class=\"elementor-element elementor-element-5260de64 elementor-widget elementor-widget-heading\" data-id=\"5260de64\" data-element_type=\"widget\" data-widget_type=\"heading.default\">\n\t\t\t\t<div class=\"elementor-widget-container\">\n\t\t\t<h5 class=\"elementor-heading-title elementor-size-default\">Yenilik\u00e7i D\u00fc\u015f\u00fcnce<\/h5>\t\t<\/div>\n\t\t\t\t<\/div>\n\t\t\t\t<div class=\"elementor-element elementor-element-6b173f70 elementor-widget__width-initial elementor-widget-tablet__width-inherit elementor-widget elementor-widget-text-editor\" data-id=\"6b173f70\" data-element_type=\"widget\" data-widget_type=\"text-editor.default\">\n\t\t\t\t<div class=\"elementor-widget-container\">\n\t\t\t\t\t\t\t<p>Zorluklara yarat\u0131c\u0131l\u0131kla yakla\u015fma ve ileriye d\u00f6n\u00fck \u00e7\u00f6z\u00fcmler \u00f6nerme yetene\u011fi.<\/p>\t\t\t\t\t\t<\/div>\n\t\t\t\t<\/div>\n\t\t\t\t<div class=\"elementor-element elementor-element-12831c27 elementor-widget elementor-widget-heading\" data-id=\"12831c27\" data-element_type=\"widget\" data-widget_type=\"heading.default\">\n\t\t\t\t<div class=\"elementor-widget-container\">\n\t\t\t<h5 class=\"elementor-heading-title elementor-size-default\">Teknik Uzmanl\u0131k\n<\/h5>\t\t<\/div>\n\t\t\t\t<\/div>\n\t\t\t\t<div class=\"elementor-element elementor-element-9f2b42a elementor-widget__width-initial elementor-widget-tablet__width-inherit elementor-widget elementor-widget-text-editor\" data-id=\"9f2b42a\" data-element_type=\"widget\" data-widget_type=\"text-editor.default\">\n\t\t\t\t<div class=\"elementor-widget-container\">\n\t\t\t\t\t\t\t<p>\u00c7al\u0131\u015fmalar\u0131m\u0131z i\u00e7in end\u00fcstriyel ekipmanlar, petrokimya \u00fcr\u00fcnleri ve enerji \u00e7\u00f6z\u00fcmlerinde g\u00fc\u00e7l\u00fc bir temele sahip olmak olmazsa olmazd\u0131r.<\/p>\t\t\t\t\t\t<\/div>\n\t\t\t\t<\/div>\n\t\t\t\t<div class=\"elementor-element elementor-element-46f0af27 elementor-widget elementor-widget-heading\" data-id=\"46f0af27\" data-element_type=\"widget\" data-widget_type=\"heading.default\">\n\t\t\t\t<div class=\"elementor-widget-container\">\n\t\t\t<h5 class=\"elementor-heading-title elementor-size-default\">M\u00fc\u015fteri Odakl\u0131l\u0131k<\/h5>\t\t<\/div>\n\t\t\t\t<\/div>\n\t\t\t\t<div class=\"elementor-element elementor-element-39f2624d elementor-widget__width-initial elementor-widget-tablet__width-inherit elementor-widget elementor-widget-text-editor\" data-id=\"39f2624d\" data-element_type=\"widget\" data-widget_type=\"text-editor.default\">\n\t\t\t\t<div class=\"elementor-widget-container\">\n\t\t\t\t\t\t\t<p>Ola\u011fan\u00fcst\u00fc hizmet ve ki\u015fiye \u00f6zel \u00e7\u00f6z\u00fcmlerle m\u00fc\u015fteri beklentilerini anlama ve a\u015fma taahh\u00fcd\u00fc.<\/p>\t\t\t\t\t\t<\/div>\n\t\t\t\t<\/div>\n\t\t\t\t<div class=\"elementor-element elementor-element-578f18c5 elementor-widget elementor-widget-heading\" data-id=\"578f18c5\" data-element_type=\"widget\" data-widget_type=\"heading.default\">\n\t\t\t\t<div class=\"elementor-widget-container\">\n\t\t\t<h5 class=\"elementor-heading-title elementor-size-default\">\u0130\u015fbirli\u011fi<\/h5>\t\t<\/div>\n\t\t\t\t<\/div>\n\t\t\t\t<div class=\"elementor-element elementor-element-6d71533e elementor-widget__width-initial elementor-widget-tablet__width-inherit elementor-widget elementor-widget-text-editor\" data-id=\"6d71533e\" data-element_type=\"widget\" data-widget_type=\"text-editor.default\">\n\t\t\t\t<div class=\"elementor-widget-container\">\n\t\t\t\t\t\t\t<p>\u0130\u015fbirli\u011fi yoluyla ba\u015far\u0131y\u0131 sa\u011flayacak m\u00fckemmel ileti\u015fim becerilerine sahip, tak\u0131m odakl\u0131 bir zihniyet.<\/p>\t\t\t\t\t\t<\/div>\n\t\t\t\t<\/div>\n\t\t\t\t<div class=\"elementor-element elementor-element-64ed697 elementor-widget elementor-widget-heading\" data-id=\"64ed697\" data-element_type=\"widget\" data-widget_type=\"heading.default\">\n\t\t\t\t<div class=\"elementor-widget-container\">\n\t\t\t<h5 class=\"elementor-heading-title elementor-size-default\">Problem \u00c7\u00f6zme Becerileri<\/h5>\t\t<\/div>\n\t\t\t\t<\/div>\n\t\t\t\t<div class=\"elementor-element elementor-element-f801bac elementor-widget__width-initial elementor-widget-tablet__width-inherit elementor-widget elementor-widget-text-editor\" data-id=\"f801bac\" data-element_type=\"widget\" data-widget_type=\"text-editor.default\">\n\t\t\t\t<div class=\"elementor-widget-container\">\n\t\t\t\t\t\t\t<p>Zorluklar\u0131 belirleme ve etkili, pratik \u00e7\u00f6z\u00fcmler sunma konusunda proaktif bir yakla\u015f\u0131m.<\/p>\t\t\t\t\t\t<\/div>\n\t\t\t\t<\/div>\n\t\t\t\t<\/div>\n\t\t\t\t<\/div>\n\t\t\t\t<div class=\"elementor-element elementor-element-1973103f elementor-widget-tablet__width-inherit elementor-widget elementor-widget-image\" data-id=\"1973103f\" data-element_type=\"widget\" data-widget_type=\"image.default\">\n\t\t\t\t<div class=\"elementor-widget-container\">\n\t\t\t\t\t\t\t\t\t\t\t\t\t<img decoding=\"async\" width=\"800\" height=\"800\" src=\"https:\/\/ilyagrup.net\/wp-content\/uploads\/2024\/11\/vertical-shot-of-a-handsome-middle-east-man-in-for-2023-11-27-05-06-32-utc-1.jpg\" class=\"attachment-large size-large wp-image-102\" alt=\"\" srcset=\"https:\/\/ilyagrup.net\/wp-content\/uploads\/2024\/11\/vertical-shot-of-a-handsome-middle-east-man-in-for-2023-11-27-05-06-32-utc-1.jpg 1000w, https:\/\/ilyagrup.net\/wp-content\/uploads\/2024\/11\/vertical-shot-of-a-handsome-middle-east-man-in-for-2023-11-27-05-06-32-utc-1-300x300.jpg 300w, https:\/\/ilyagrup.net\/wp-content\/uploads\/2024\/11\/vertical-shot-of-a-handsome-middle-east-man-in-for-2023-11-27-05-06-32-utc-1-150x150.jpg 150w, https:\/\/ilyagrup.net\/wp-content\/uploads\/2024\/11\/vertical-shot-of-a-handsome-middle-east-man-in-for-2023-11-27-05-06-32-utc-1-768x768.jpg 768w, https:\/\/ilyagrup.net\/wp-content\/uploads\/2024\/11\/vertical-shot-of-a-handsome-middle-east-man-in-for-2023-11-27-05-06-32-utc-1-700x700.jpg 700w, https:\/\/ilyagrup.net\/wp-content\/uploads\/2024\/11\/vertical-shot-of-a-handsome-middle-east-man-in-for-2023-11-27-05-06-32-utc-1-650x650.jpg 650w\" sizes=\"(max-width: 800px) 100vw, 800px\" \/>\t\t\t\t\t\t\t\t\t\t\t\t\t<\/div>\n\t\t\t\t<\/div>\n\t\t\t\t\t<\/div>\n\t\t\t\t<\/div>\n\t\t<div class=\"elementor-element elementor-element-1a4ba264 e-flex e-con-boxed e-con e-parent\" data-id=\"1a4ba264\" data-element_type=\"container\">\n\t\t\t\t\t<div class=\"e-con-inner\">\n\t\t\t\t<div class=\"elementor-element elementor-element-46f5e220 elementor-widget__width-initial elementor-widget elementor-widget-heading\" data-id=\"46f5e220\" data-element_type=\"widget\" data-widget_type=\"heading.default\">\n\t\t\t\t<div class=\"elementor-widget-container\">\n\t\t\t<h2 class=\"elementor-heading-title elementor-size-default\">Avantajlar\u0131m\u0131z ve Faydalar\u0131m\u0131z<\/h2>\t\t<\/div>\n\t\t\t\t<\/div>\n\t\t<div class=\"elementor-element elementor-element-5a3bcb8f e-con-full e-flex e-con e-child\" data-id=\"5a3bcb8f\" data-element_type=\"container\">\n\t\t<div class=\"elementor-element elementor-element-4e1542e6 e-con-full e-flex elementor-invisible e-con e-child\" data-id=\"4e1542e6\" data-element_type=\"container\" data-settings=\"{&quot;background_background&quot;:&quot;gradient&quot;,&quot;animation&quot;:&quot;fadeInUp&quot;}\">\n\t\t\t\t<div class=\"elementor-element elementor-element-5671bb0f elementor-widget__width-initial elementor-widget elementor-widget-heading\" data-id=\"5671bb0f\" data-element_type=\"widget\" data-widget_type=\"heading.default\">\n\t\t\t\t<div class=\"elementor-widget-container\">\n\t\t\t<h4 class=\"elementor-heading-title elementor-size-default\">Sa\u011fl\u0131k, di\u015f ve g\u00f6rme sigortas\u0131<\/h4>\t\t<\/div>\n\t\t\t\t<\/div>\n\t\t\t\t<\/div>\n\t\t<div class=\"elementor-element elementor-element-4de5663b e-con-full e-flex elementor-invisible e-con e-child\" data-id=\"4de5663b\" data-element_type=\"container\" data-settings=\"{&quot;background_background&quot;:&quot;gradient&quot;,&quot;animation&quot;:&quot;fadeInUp&quot;}\">\n\t\t\t\t<div class=\"elementor-element elementor-element-37c45c6c elementor-widget__width-initial elementor-widget elementor-widget-heading\" data-id=\"37c45c6c\" data-element_type=\"widget\" data-widget_type=\"heading.default\">\n\t\t\t\t<div class=\"elementor-widget-container\">\n\t\t\t<h5 class=\"elementor-heading-title elementor-size-default\">Ofis yemekleri ve etkinlikleri<\/h5>\t\t<\/div>\n\t\t\t\t<\/div>\n\t\t\t\t<\/div>\n\t\t<div class=\"elementor-element elementor-element-40532ea7 e-con-full e-flex elementor-invisible e-con e-child\" data-id=\"40532ea7\" data-element_type=\"container\" data-settings=\"{&quot;background_background&quot;:&quot;gradient&quot;,&quot;animation&quot;:&quot;fadeInUp&quot;}\">\n\t\t\t\t<div class=\"elementor-element elementor-element-75a827e5 elementor-widget__width-initial elementor-widget elementor-widget-heading\" data-id=\"75a827e5\" data-element_type=\"widget\" data-widget_type=\"heading.default\">\n\t\t\t\t<div class=\"elementor-widget-container\">\n\t\t\t<h5 class=\"elementor-heading-title elementor-size-default\">Seyahat F\u0131rsatlar\u0131<\/h5>\t\t<\/div>\n\t\t\t\t<\/div>\n\t\t\t\t<\/div>\n\t\t<div class=\"elementor-element elementor-element-58c041c0 e-con-full e-flex elementor-invisible e-con e-child\" data-id=\"58c041c0\" data-element_type=\"container\" data-settings=\"{&quot;background_background&quot;:&quot;gradient&quot;,&quot;animation&quot;:&quot;fadeInUp&quot;}\">\n\t\t\t\t<div class=\"elementor-element elementor-element-614ca395 elementor-widget__width-inherit elementor-widget elementor-widget-heading\" data-id=\"614ca395\" data-element_type=\"widget\" data-widget_type=\"heading.default\">\n\t\t\t\t<div class=\"elementor-widget-container\">\n\t\t\t<h5 class=\"elementor-heading-title elementor-size-default\">Esnek \u00c7al\u0131\u015fma Se\u00e7enekleri<\/h5>\t\t<\/div>\n\t\t\t\t<\/div>\n\t\t\t\t<\/div>\n\t\t<div class=\"elementor-element elementor-element-2ae4a457 e-con-full e-flex elementor-invisible e-con e-child\" data-id=\"2ae4a457\" data-element_type=\"container\" data-settings=\"{&quot;background_background&quot;:&quot;gradient&quot;,&quot;animation&quot;:&quot;fadeInUp&quot;}\">\n\t\t\t\t<div class=\"elementor-element elementor-element-278e2121 elementor-widget__width-initial elementor-widget elementor-widget-heading\" data-id=\"278e2121\" data-element_type=\"widget\" data-widget_type=\"heading.default\">\n\t\t\t\t<div class=\"elementor-widget-container\">\n\t\t\t<h4 class=\"elementor-heading-title elementor-size-default\">Performans Bonuslar\u0131<\/h4>\t\t<\/div>\n\t\t\t\t<\/div>\n\t\t\t\t<\/div>\n\t\t<div class=\"elementor-element elementor-element-2c998a6e e-con-full e-flex elementor-invisible e-con e-child\" data-id=\"2c998a6e\" data-element_type=\"container\" data-settings=\"{&quot;background_background&quot;:&quot;gradient&quot;,&quot;animation&quot;:&quot;fadeInUp&quot;}\">\n\t\t\t\t<div class=\"elementor-element elementor-element-4628e37f elementor-widget__width-initial elementor-widget-tablet__width-auto elementor-widget elementor-widget-heading\" data-id=\"4628e37f\" data-element_type=\"widget\" data-widget_type=\"heading.default\">\n\t\t\t\t<div class=\"elementor-widget-container\">\n\t\t\t<h4 class=\"elementor-heading-title elementor-size-default\">\u00dccretli \u0130zin<\/h4>\t\t<\/div>\n\t\t\t\t<\/div>\n\t\t\t\t<\/div>\n\t\t\t\t<\/div>\n\t\t\t\t\t<\/div>\n\t\t\t\t<\/div>\n\t\t\t\t<\/div>","protected":false},"excerpt":{"rendered":"<p>Kariyer Kariyer Kariyer Ana Sayfa \/ Kariyer \/ Etki Yaratan Bir Kariyer Olu\u015fturun Etki yaratmaya ve katk\u0131lar\u0131n\u0131za de\u011fer veren bir \u015firketin par\u00e7as\u0131 olmaya haz\u0131rsan\u0131z, sizden haber almak isteriz. F\u0131rsatlar\u0131m\u0131z\u0131 ke\u015ffedin ve kariyerinizde bir sonraki ad\u0131m\u0131 at\u0131n. [\u2026]&#039;de Ba\u015far\u0131 \u0130\u00e7in Temel Nitelikler<\/p>","protected":false},"author":1,"featured_media":0,"parent":0,"menu_order":0,"comment_status":"closed","ping_status":"closed","template":"","meta":{"footnotes":""},"class_list":["post-91","page","type-page","status-publish","hentry"],"_links":{"self":[{"href":"https:\/\/ilyagrup.net\/tr\/wp-json\/wp\/v2\/pages\/91","targetHints":{"allow":["GET"]}}],"collection":[{"href":"https:\/\/ilyagrup.net\/tr\/wp-json\/wp\/v2\/pages"}],"about":[{"href":"https:\/\/ilyagrup.net\/tr\/wp-json\/wp\/v2\/types\/page"}],"author":[{"embeddable":true,"href":"https:\/\/ilyagrup.net\/tr\/wp-json\/wp\/v2\/users\/1"}],"replies":[{"embeddable":true,"href":"https:\/\/ilyagrup.net\/tr\/wp-json\/wp\/v2\/comments?post=91"}],"version-history":[{"count":9,"href":"https:\/\/ilyagrup.net\/tr\/wp-json\/wp\/v2\/pages\/91\/revisions"}],"predecessor-version":[{"id":105,"href":"https:\/\/ilyagrup.net\/tr\/wp-json\/wp\/v2\/pages\/91\/revisions\/105"}],"wp:attachment":[{"href":"https:\/\/ilyagrup.net\/tr\/wp-json\/wp\/v2\/media?parent=91"}],"curies":[{"name":"wp","href":"https:\/\/api.w.org\/{rel}","templated":true}]}}